{"id":2803,"date":"2021-08-02T14:51:17","date_gmt":"2021-08-02T12:51:17","guid":{"rendered":"https:\/\/raz-wkz.de\/?page_id=2803"},"modified":"2024-06-14T17:02:19","modified_gmt":"2024-06-14T15:02:19","slug":"precitool-vertragshaendler","status":"publish","type":"page","link":"https:\/\/raz-wkz.de\/gb\/precitool-vertragshaendler\/","title":{"rendered":"Precitool"},"content":{"rendered":"<p><img loading=\"lazy\" decoding=\"async\" src=\"https:\/\/raz-wkz.de\/wp-content\/uploads\/2023\/05\/Precitool_Logo_30_Jahre2-500x129.jpg\" alt=\"\" width=\"500\" height=\"129\" class=\"alignnone size-medium wp-image-5131\" srcset=\"https:\/\/raz-wkz.de\/wp-content\/uploads\/2023\/05\/Precitool_Logo_30_Jahre2-500x129.jpg 500w, https:\/\/raz-wkz.de\/wp-content\/uploads\/2023\/05\/Precitool_Logo_30_Jahre2-1024x264.jpg 1024w, https:\/\/raz-wkz.de\/wp-content\/uploads\/2023\/05\/Precitool_Logo_30_Jahre2-315x81.jpg 315w, https:\/\/raz-wkz.de\/wp-content\/uploads\/2023\/05\/Precitool_Logo_30_Jahre2-768x198.jpg 768w, https:\/\/raz-wkz.de\/wp-content\/uploads\/2023\/05\/Precitool_Logo_30_Jahre2-1536x396.jpg 1536w, https:\/\/raz-wkz.de\/wp-content\/uploads\/2023\/05\/Precitool_Logo_30_Jahre2.jpg 1770w\" sizes=\"auto, (max-width: 500px) 100vw, 500px\" \/><\/p>\n<p><strong>PRECITOOL<\/strong> \u2013 EIN STARKER VERBUND<\/p>\n<p>Kr\u00e4fte b\u00fcndeln und Ressourcen gemeinsam nutzen \u2013 das ist der Handlungsgrundsatz der nationalen und internationalen Gesellschafter und <strong>PRECITOOL<\/strong>-H\u00e4ndler.<br \/>\nMit unseren <strong>PRECITOOL<\/strong> Produkten k\u00f6nnen wir alle Kunden aus Industrie und Handwerk fl\u00e4chendeckend bedienen. Im <strong>PRECITOOL<\/strong> Katalog 2023 finden Sie alle Werkzeuge f\u00fcr Ihre Bed\u00fcrfnisse. Ihnen stehen \u00fcber 40.000 Produkte aus den Bereichen Zerspanen, Spannen, Messen, Handwerkzeuge und Betriebsmittel zur Verf\u00fcgung. Unsere Produkte sind f\u00fcr den professionellen Einsatz aus hochwertigen Materialien gefertigt und entsprechen h\u00f6chsten Qualit\u00e4tsstandards und Sicherheitsaspekten.<\/p>\n<p>Durch die Optimierung und Zentralisierung von Produktauswahl, Einkauf und Logistik gew\u00e4hrleisten wir Ihnen ein Maximum an Sicherheit und Qualit\u00e4t. Immer mit dem Ziel mit unserer Vielfalt die Basis f\u00fcr Ihren Erfolg zu legen. Neben den richtigen Werkzeugen liefern wir Ihnen \u2013 nach einer gr\u00fcndlichen Analyse Ihrer Fertigungsaufgaben \u2013 eine objektive und unabh\u00e4ngige Empfehlung f\u00fcr die Anforderungen Ihrer Produktion.<\/p>\n<p>Wir sind verbunden mit dem zentralen und modernen Logistik- &#038; Dienstleistungszentrum in Neuenstein. Dadurch k\u00f6nnen wir Ihnen eine 98% Lieferbereitschaft f\u00fcr alle im <strong>PRECITOOL<\/strong> Werkzeugprogramm (Lagerstandard) aufgef\u00fchrten Artikel gew\u00e4hrleisten \u2013 und das innerhalb von 24 Stunden. Die <strong>PRECITOOL<\/strong> Express-Hotline erreichen Sie Mo. \u2013 Fr. 17.00 bis 21:00 Uhr und Sa. 8.00 \u2013 15:00 Uhr unter 0800-773248665<\/p>\n<p><strong>PREMUS<\/strong><\/p>\n<p>Die Marke <strong>PREMUS<\/strong> steht mit einem umfangreichen Sortiment f\u00fcr hervorragende Qualit\u00e4t und mit speziell ausgesuchten Materialien garantieren <strong>PREMUS<\/strong> und <strong>PREMUS GP<\/strong> Werkzeuge au\u00dfergew\u00f6hnliche Zuverl\u00e4ssigkeit, Pr\u00e4zision und Stabilit\u00e4t. <strong>PREMUS<\/strong> und <strong>PREMUS GP<\/strong> bieten 100 %ige Premium-Qualit\u00e4t f\u00fcr Ihre Fertigung. Egal ob Spezialauftr\u00e4ge, Langzeit-Serienfertigung oder individuelle Kundenauftr\u00e4ge. Das Produktportfolio finden Sie in den entsprechenden <strong>PRECITOOL<\/strong> Kataloge<\/p>\n<p><strong>PREMUS<\/strong> GP<\/p>\n<p>Nat\u00fcrlich m\u00fcssen Sie k\u00fcnftig nicht auf die gewohnten Top-Werkzeuge der Produktlinie GP verzichten. Diese ist Bestandteil der neuen Eigenmarke <strong>PREMUS<\/strong>. Das GP-Sortiment wird unver\u00e4ndert unter <strong>PREMUS GP<\/strong> erh\u00e4ltlich sein.<\/p>\n<p><strong>PRETEC<\/strong><\/p>\n<p>Die Marke <strong>PRETEC<\/strong> bietet Ihnen ein ausgesuchtes Sortiment mit einem besonders guten Preis-Leistungsverh\u00e4ltnis. <strong>PRETEC<\/strong> Werkzeuge bieten Top-Markenqualit\u00e4t f\u00fcr den t\u00e4glichen Einsatz bei hoher Beanspruchung: ein abgestimmtes Sortiment mit einem bestm\u00f6glichen Preis-Leistungsverh\u00e4ltnis in verl\u00e4sslicher Qualit\u00e4t und zu einem g\u00fcnstigen Preis.<\/p>\n<p>Bestellen Sie in unserem <a href=\"http:\/\/www.shop.raz-wkz.de\" rel=\"noopener\" target=\"_blank\">Online Shop<\/a><\/p>\n<p>oder erfahren Sie mehr unter <a href=\"https:\/\/precitool.de\" rel=\"noopener\" target=\"_blank\">Precitool<\/a><\/p>\n","protected":false},"excerpt":{"rendered":"","protected":false},"author":2,"featured_media":0,"parent":0,"menu_order":0,"comment_status":"closed","ping_status":"closed","template":"template-magazine.php","meta":{"_price":"","_stock":"","_tribe_ticket_header":"","_tribe_default_ticket_provider":"","_tribe_ticket_capacity":"0","_ticket_start_date":"","_ticket_end_date":"","_tribe_ticket_show_description":"","_tribe_ticket_show_not_going":false,"_tribe_ticket_use_global_stock":"","_tribe_ticket_global_stock_level":"","_global_stock_mode":"","_global_stock_cap":"","_tribe_rsvp_for_event":"","_tribe_ticket_going_count":"","_tribe_ticket_not_going_count":"","_tribe_tickets_list":"[]","_tribe_ticket_has_attendee_info_fields":false,"_EventAllDay":false,"_EventTimezone":"","_EventStartDate":"","_EventEndDate":"","_EventStartDateUTC":"","_EventEndDateUTC":"","_EventShowMap":false,"_EventShowMapLink":false,"_EventURL":"","_EventCost":"","_EventCostDescription":"","_EventCurrencySymbol":"","_EventCurrencyCode":"","_EventCurrencyPosition":"","_EventDateTimeSeparator":"","_EventTimeRangeSeparator":"","_EventOrganizerID":[],"_EventVenueID":[],"_OrganizerEmail":"","_OrganizerPhone":"","_OrganizerWebsite":"","_VenueAddress":"","_VenueCity":"","_VenueCountry":"","_VenueProvince":"","_VenueState":"","_VenueZip":"","_VenuePhone":"","_VenueURL":"","_VenueStateProvince":"","_VenueLat":"","_VenueLng":"","_VenueShowMap":false,"_VenueShowMapLink":false,"footnotes":"","_tec_slr_enabled":"","_tec_slr_layout":"","_links_to":"","_links_to_target":""},"class_list":["post-2803","page","type-page","status-publish","hentry"],"translation":{"provider":"WPGlobus","version":"3.0.2","language":"gb","enabled_languages":["de","gb"],"languages":{"de":{"title":true,"content":true,"excerpt":false},"gb":{"title":false,"content":false,"excerpt":false}}},"yoast_head":"<!-- This site is optimized with the Yoast SEO Premium plugin v27.1 (Yoast SEO v27.5) - https:\/\/yoast.com\/product\/yoast-seo-premium-wordpress\/ -->\n<title>R.A. Zimmermann - Ihr Precitool Vertragsh\u00e4ndler<\/title>\n<meta name=\"description\" content=\"PRECITOOL authorized dealer \u2718 more than 800 suppliers \u2718 more than 1 million products \u2718 over 50 years of experience \ud83d\udcde06074.85260\" \/>\n<meta name=\"robots\" content=\"index, follow, max-snippet:-1, max-image-preview:large, max-video-preview:-1\" \/>\n<link rel=\"canonical\" href=\"https:\/\/raz-wkz.de\/precitool-vertragshaendler\/\" \/>\n<meta property=\"og:locale\" content=\"en_GB\" \/>\n<meta property=\"og:type\" content=\"article\" \/>\n<meta property=\"og:title\" content=\"Precitool - From work protection over metrology to cutting tools - we supply everything for your workshop.\" \/>\n<meta property=\"og:description\" content=\"PRECITOOL authorized dealer \u2718 more than 800 suppliers \u2718 more than 1 million products \u2718 over 50 years of experience \ud83d\udcde06074.85260\" \/>\n<meta property=\"og:url\" content=\"https:\/\/raz-wkz.de\/precitool-vertragshaendler\/\" \/>\n<meta property=\"og:site_name\" content=\"From work protection over metrology to cutting tools - we supply everything for your workshop.\" \/>\n<meta property=\"article:modified_time\" content=\"2024-06-14T15:02:19+00:00\" \/>\n<meta property=\"og:image\" content=\"https:\/\/raz-wkz.de\/wp-content\/uploads\/2023\/05\/Precitool_Logo_30_Jahre2-500x129.jpg\" \/>\n<meta name=\"twitter:card\" content=\"summary_large_image\" \/>\n<meta name=\"twitter:label1\" content=\"Estimated reading time\" \/>\n\t<meta name=\"twitter:data1\" content=\"3 minutes\" \/>\n<script type=\"application\/ld+json\" class=\"yoast-schema-graph\">{\"@context\":\"https:\\\/\\\/schema.org\",\"@graph\":[{\"@type\":\"WebPage\",\"@id\":\"https:\\\/\\\/raz-wkz.de\\\/precitool-vertragshaendler\\\/\",\"url\":\"https:\\\/\\\/raz-wkz.de\\\/precitool-vertragshaendler\\\/\",\"name\":\"R.A. Zimmermann - Ihr Precitool Vertragsh\u00e4ndler\",\"isPartOf\":{\"@id\":\"https:\\\/\\\/raz-wkz.de\\\/#website\"},\"primaryImageOfPage\":{\"@id\":\"https:\\\/\\\/raz-wkz.de\\\/precitool-vertragshaendler\\\/#primaryimage\"},\"image\":{\"@id\":\"https:\\\/\\\/raz-wkz.de\\\/precitool-vertragshaendler\\\/#primaryimage\"},\"thumbnailUrl\":\"https:\\\/\\\/raz-wkz.de\\\/wp-content\\\/uploads\\\/2023\\\/05\\\/Precitool_Logo_30_Jahre2-500x129.jpg\",\"datePublished\":\"2021-08-02T12:51:17+00:00\",\"dateModified\":\"2024-06-14T15:02:19+00:00\",\"description\":\"PRECITOOL authorized dealer \u2718 more than 800 suppliers \u2718 more than 1 million products \u2718 over 50 years of experience \ud83d\udcde06074.85260\",\"breadcrumb\":{\"@id\":\"https:\\\/\\\/raz-wkz.de\\\/precitool-vertragshaendler\\\/#breadcrumb\"},\"inLanguage\":\"en-GB\",\"potentialAction\":[{\"@type\":\"ReadAction\",\"target\":[\"https:\\\/\\\/raz-wkz.de\\\/precitool-vertragshaendler\\\/\"]}]},{\"@type\":\"ImageObject\",\"inLanguage\":\"en-GB\",\"@id\":\"https:\\\/\\\/raz-wkz.de\\\/precitool-vertragshaendler\\\/#primaryimage\",\"url\":\"https:\\\/\\\/raz-wkz.de\\\/wp-content\\\/uploads\\\/2023\\\/05\\\/Precitool_Logo_30_Jahre2-500x129.jpg\",\"contentUrl\":\"https:\\\/\\\/raz-wkz.de\\\/wp-content\\\/uploads\\\/2023\\\/05\\\/Precitool_Logo_30_Jahre2-500x129.jpg\"},{\"@type\":\"BreadcrumbList\",\"@id\":\"https:\\\/\\\/raz-wkz.de\\\/precitool-vertragshaendler\\\/#breadcrumb\",\"itemListElement\":[{\"@type\":\"ListItem\",\"position\":1,\"name\":\"Startseite\",\"item\":\"https:\\\/\\\/raz-wkz.de\\\/\"},{\"@type\":\"ListItem\",\"position\":2,\"name\":\"Precitool\"}]},{\"@type\":\"WebSite\",\"@id\":\"https:\\\/\\\/raz-wkz.de\\\/#website\",\"url\":\"https:\\\/\\\/raz-wkz.de\\\/\",\"name\":\"Ihre Werkzeugbeschaffung ist unser Kerngesch\u00e4ft - schnell | kompetent | zuverl\u00e4ssig\",\"description\":\"From work protection over metrology to cutting tools - we supply everything for your workshop.\",\"publisher\":{\"@id\":\"https:\\\/\\\/raz-wkz.de\\\/#organization\"},\"potentialAction\":[{\"@type\":\"SearchAction\",\"target\":{\"@type\":\"EntryPoint\",\"urlTemplate\":\"https:\\\/\\\/raz-wkz.de\\\/?s={search_term_string}\"},\"query-input\":{\"@type\":\"PropertyValueSpecification\",\"valueRequired\":true,\"valueName\":\"search_term_string\"}}],\"inLanguage\":\"en-GB\"},{\"@type\":\"Organization\",\"@id\":\"https:\\\/\\\/raz-wkz.de\\\/#organization\",\"name\":\"R. A. Zimmermann KG\",\"url\":\"https:\\\/\\\/raz-wkz.de\\\/\",\"logo\":{\"@type\":\"ImageObject\",\"inLanguage\":\"en-GB\",\"@id\":\"https:\\\/\\\/raz-wkz.de\\\/#\\\/schema\\\/logo\\\/image\\\/\",\"url\":\"\",\"contentUrl\":\"\",\"caption\":\"R. A. Zimmermann KG\"},\"image\":{\"@id\":\"https:\\\/\\\/raz-wkz.de\\\/#\\\/schema\\\/logo\\\/image\\\/\"}}]}<\/script>\n<!-- \/ Yoast SEO Premium plugin. -->","yoast_head_json":{"title":"R.A. Zimmermann - Ihr Precitool Vertragsh\u00e4ndler","description":"PRECITOOL authorized dealer \u2718 more than 800 suppliers \u2718 more than 1 million products \u2718 over 50 years of experience \ud83d\udcde06074.85260","robots":{"index":"index","follow":"follow","max-snippet":"max-snippet:-1","max-image-preview":"max-image-preview:large","max-video-preview":"max-video-preview:-1"},"canonical":"https:\/\/raz-wkz.de\/precitool-vertragshaendler\/","og_locale":"en_GB","og_type":"article","og_title":"Precitool - From work protection over metrology to cutting tools - we supply everything for your workshop.","og_description":"PRECITOOL authorized dealer \u2718 more than 800 suppliers \u2718 more than 1 million products \u2718 over 50 years of experience \ud83d\udcde06074.85260","og_url":"https:\/\/raz-wkz.de\/precitool-vertragshaendler\/","og_site_name":"From work protection over metrology to cutting tools - we supply everything for your workshop.","article_modified_time":"2024-06-14T15:02:19+00:00","og_image":[{"url":"https:\/\/raz-wkz.de\/wp-content\/uploads\/2023\/05\/Precitool_Logo_30_Jahre2-500x129.jpg","type":"","width":"","height":""}],"twitter_card":"summary_large_image","twitter_misc":{"Estimated reading time":"3 minutes"},"schema":{"@context":"https:\/\/schema.org","@graph":[{"@type":"WebPage","@id":"https:\/\/raz-wkz.de\/precitool-vertragshaendler\/","url":"https:\/\/raz-wkz.de\/precitool-vertragshaendler\/","name":"R.A. Zimmermann - Ihr Precitool Vertragsh\u00e4ndler","isPartOf":{"@id":"https:\/\/raz-wkz.de\/#website"},"primaryImageOfPage":{"@id":"https:\/\/raz-wkz.de\/precitool-vertragshaendler\/#primaryimage"},"image":{"@id":"https:\/\/raz-wkz.de\/precitool-vertragshaendler\/#primaryimage"},"thumbnailUrl":"https:\/\/raz-wkz.de\/wp-content\/uploads\/2023\/05\/Precitool_Logo_30_Jahre2-500x129.jpg","datePublished":"2021-08-02T12:51:17+00:00","dateModified":"2024-06-14T15:02:19+00:00","description":"PRECITOOL authorized dealer \u2718 more than 800 suppliers \u2718 more than 1 million products \u2718 over 50 years of experience \ud83d\udcde06074.85260","breadcrumb":{"@id":"https:\/\/raz-wkz.de\/precitool-vertragshaendler\/#breadcrumb"},"inLanguage":"en-GB","potentialAction":[{"@type":"ReadAction","target":["https:\/\/raz-wkz.de\/precitool-vertragshaendler\/"]}]},{"@type":"ImageObject","inLanguage":"en-GB","@id":"https:\/\/raz-wkz.de\/precitool-vertragshaendler\/#primaryimage","url":"https:\/\/raz-wkz.de\/wp-content\/uploads\/2023\/05\/Precitool_Logo_30_Jahre2-500x129.jpg","contentUrl":"https:\/\/raz-wkz.de\/wp-content\/uploads\/2023\/05\/Precitool_Logo_30_Jahre2-500x129.jpg"},{"@type":"BreadcrumbList","@id":"https:\/\/raz-wkz.de\/precitool-vertragshaendler\/#breadcrumb","itemListElement":[{"@type":"ListItem","position":1,"name":"Startseite","item":"https:\/\/raz-wkz.de\/"},{"@type":"ListItem","position":2,"name":"Precitool"}]},{"@type":"WebSite","@id":"https:\/\/raz-wkz.de\/#website","url":"https:\/\/raz-wkz.de\/","name":"Ihre Werkzeugbeschaffung ist unser Kerngesch\u00e4ft - schnell | kompetent | zuverl\u00e4ssig","description":"From work protection over metrology to cutting tools - we supply everything for your workshop.","publisher":{"@id":"https:\/\/raz-wkz.de\/#organization"},"potentialAction":[{"@type":"SearchAction","target":{"@type":"EntryPoint","urlTemplate":"https:\/\/raz-wkz.de\/?s={search_term_string}"},"query-input":{"@type":"PropertyValueSpecification","valueRequired":true,"valueName":"search_term_string"}}],"inLanguage":"en-GB"},{"@type":"Organization","@id":"https:\/\/raz-wkz.de\/#organization","name":"R. A. Zimmermann KG","url":"https:\/\/raz-wkz.de\/","logo":{"@type":"ImageObject","inLanguage":"en-GB","@id":"https:\/\/raz-wkz.de\/#\/schema\/logo\/image\/","url":"","contentUrl":"","caption":"R. A. Zimmermann KG"},"image":{"@id":"https:\/\/raz-wkz.de\/#\/schema\/logo\/image\/"}}]}},"publishpress_future_action":{"enabled":false,"date":"2026-05-07 18:17:02","action":"change-status","newStatus":"draft","terms":[],"taxonomy":"","extraData":[]},"publishpress_future_workflow_manual_trigger":{"enabledWorkflows":[]},"ticketed":false,"_links":{"self":[{"href":"https:\/\/raz-wkz.de\/gb\/wp-json\/wp\/v2\/pages\/2803","targetHints":{"allow":["GET"]}}],"collection":[{"href":"https:\/\/raz-wkz.de\/gb\/wp-json\/wp\/v2\/pages"}],"about":[{"href":"https:\/\/raz-wkz.de\/gb\/wp-json\/wp\/v2\/types\/page"}],"author":[{"embeddable":true,"href":"https:\/\/raz-wkz.de\/gb\/wp-json\/wp\/v2\/users\/2"}],"replies":[{"embeddable":true,"href":"https:\/\/raz-wkz.de\/gb\/wp-json\/wp\/v2\/comments?post=2803"}],"version-history":[{"count":8,"href":"https:\/\/raz-wkz.de\/gb\/wp-json\/wp\/v2\/pages\/2803\/revisions"}],"predecessor-version":[{"id":5133,"href":"https:\/\/raz-wkz.de\/gb\/wp-json\/wp\/v2\/pages\/2803\/revisions\/5133"}],"wp:attachment":[{"href":"https:\/\/raz-wkz.de\/gb\/wp-json\/wp\/v2\/media?parent=2803"}],"curies":[{"name":"wp","href":"https:\/\/api.w.org\/{rel}","templated":true}]}}