{"id":158,"date":"2019-06-26T13:35:54","date_gmt":"2019-06-26T12:35:54","guid":{"rendered":"https:\/\/wordpress.raz-wkz.de\/?page_id=158"},"modified":"2024-06-14T15:43:22","modified_gmt":"2024-06-14T13:43:22","slug":"unternehmen","status":"publish","type":"page","link":"https:\/\/raz-wkz.de\/gb\/unternehmen\/","title":{"rendered":"Company"},"content":{"rendered":"<h3><strong>ARE YOU LOOKING FOR A PARTNER WITH A FUTURE?\u00a0<\/strong><strong>FOR OVER 50 YEARS WE ARE GETTING BETTER EVERY DAY.<\/strong><\/h3>\n<p>HIGH CONTINUITY<br \/>\nSince its foundation in 1964 the R. Alfred Zimmermann KG has developed dynamically. However, we remain true to our values and goals. As an owner-managed company in the third generation, we will continue to rely on a trusting cooperation with our customers in the future. Their lasting satisfaction is the benchmark for our success. We stand for personal commitment, honesty, independence, high quality standards and uncompromising reliability. For us, this is the basis of a long-term and fair partnership.<\/p>\n<p>STRONG DYNAMICS<br \/>\nIf you want to give your customers a head start, you can&#8217;t stand still yourself. By founding the PVZ+Tool Group with our partner PWK-Kn\u00f6bber we can support you even more effectively. With more than 50 employees, we will work together to make you stronger.<\/p>\n","protected":false},"excerpt":{"rendered":"","protected":false},"author":1,"featured_media":159,"parent":0,"menu_order":0,"comment_status":"closed","ping_status":"closed","template":"","meta":{"_price":"","_stock":"","_tribe_ticket_header":"","_tribe_default_ticket_provider":"","_tribe_ticket_capacity":"0","_ticket_start_date":"","_ticket_end_date":"","_tribe_ticket_show_description":"","_tribe_ticket_show_not_going":false,"_tribe_ticket_use_global_stock":"","_tribe_ticket_global_stock_level":"","_global_stock_mode":"","_global_stock_cap":"","_tribe_rsvp_for_event":"","_tribe_ticket_going_count":"","_tribe_ticket_not_going_count":"","_tribe_tickets_list":"[]","_tribe_ticket_has_attendee_info_fields":false,"_EventAllDay":false,"_EventTimezone":"","_EventStartDate":"","_EventEndDate":"","_EventStartDateUTC":"","_EventEndDateUTC":"","_EventShowMap":false,"_EventShowMapLink":false,"_EventURL":"","_EventCost":"","_EventCostDescription":"","_EventCurrencySymbol":"","_EventCurrencyCode":"","_EventCurrencyPosition":"","_EventDateTimeSeparator":"","_EventTimeRangeSeparator":"","_EventOrganizerID":[],"_EventVenueID":[],"_OrganizerEmail":"","_OrganizerPhone":"","_OrganizerWebsite":"","_VenueAddress":"","_VenueCity":"","_VenueCountry":"","_VenueProvince":"","_VenueState":"","_VenueZip":"","_VenuePhone":"","_VenueURL":"","_VenueStateProvince":"","_VenueLat":"","_VenueLng":"","_VenueShowMap":false,"_VenueShowMapLink":false,"footnotes":"","_tec_slr_enabled":"","_tec_slr_layout":"","_links_to":"","_links_to_target":""},"class_list":["post-158","page","type-page","status-publish","has-post-thumbnail","hentry"],"translation":{"provider":"WPGlobus","version":"3.0.2","language":"gb","enabled_languages":["de","gb"],"languages":{"de":{"title":true,"content":true,"excerpt":false},"gb":{"title":true,"content":true,"excerpt":false}}},"yoast_head":"<!-- This site is optimized with the Yoast SEO Premium plugin v27.1 (Yoast SEO v27.3) - https:\/\/yoast.com\/product\/yoast-seo-premium-wordpress\/ -->\n<title>Company - PRECITOOL H\u00e4ndler<\/title>\n<meta name=\"robots\" content=\"index, follow, max-snippet:-1, max-image-preview:large, max-video-preview:-1\" \/>\n<link rel=\"canonical\" href=\"https:\/\/raz-wkz.de\/unternehmen\/\" \/>\n<meta property=\"og:locale\" content=\"en_GB\" \/>\n<meta property=\"og:type\" content=\"article\" \/>\n<meta property=\"og:title\" content=\"Company - From work protection over metrology to cutting tools - we supply everything for your workshop.\" \/>\n<meta property=\"og:url\" content=\"https:\/\/raz-wkz.de\/unternehmen\/\" \/>\n<meta property=\"og:site_name\" content=\"From work protection over metrology to cutting tools - we supply everything for your workshop.\" \/>\n<meta property=\"article:modified_time\" content=\"2024-06-14T13:43:22+00:00\" \/>\n<meta property=\"og:image\" content=\"https:\/\/raz-wkz.de\/wp-content\/uploads\/2019\/06\/unternehmen2.jpg\" \/>\n\t<meta property=\"og:image:width\" content=\"1132\" \/>\n\t<meta property=\"og:image:height\" content=\"503\" \/>\n\t<meta property=\"og:image:type\" content=\"image\/jpeg\" \/>\n<meta name=\"twitter:card\" content=\"summary_large_image\" \/>\n<meta name=\"twitter:label1\" content=\"Estimated reading time\" \/>\n\t<meta name=\"twitter:data1\" content=\"1 minute\" \/>\n<script type=\"application\/ld+json\" class=\"yoast-schema-graph\">{\"@context\":\"https:\\\/\\\/schema.org\",\"@graph\":[{\"@type\":\"WebPage\",\"@id\":\"https:\\\/\\\/raz-wkz.de\\\/unternehmen\\\/\",\"url\":\"https:\\\/\\\/raz-wkz.de\\\/unternehmen\\\/\",\"name\":\"Company - PRECITOOL H\u00e4ndler\",\"isPartOf\":{\"@id\":\"https:\\\/\\\/raz-wkz.de\\\/#website\"},\"primaryImageOfPage\":{\"@id\":\"https:\\\/\\\/raz-wkz.de\\\/unternehmen\\\/#primaryimage\"},\"image\":{\"@id\":\"https:\\\/\\\/raz-wkz.de\\\/unternehmen\\\/#primaryimage\"},\"thumbnailUrl\":\"https:\\\/\\\/raz-wkz.de\\\/wp-content\\\/uploads\\\/2019\\\/06\\\/unternehmen2.jpg\",\"datePublished\":\"2019-06-26T12:35:54+00:00\",\"dateModified\":\"2024-06-14T13:43:22+00:00\",\"description\":\"* PRECITOOL Gesellschafter und Vertragsh\u00e4ndler * seit mehr als 55 Jahren f\u00fcr Sie am Markt * kompetente & zuverl\u00e4ssige Beratung \ud83d\udcde06074.8526.0\",\"breadcrumb\":{\"@id\":\"https:\\\/\\\/raz-wkz.de\\\/unternehmen\\\/#breadcrumb\"},\"inLanguage\":\"en-GB\",\"potentialAction\":[{\"@type\":\"ReadAction\",\"target\":[\"https:\\\/\\\/raz-wkz.de\\\/unternehmen\\\/\"]}]},{\"@type\":\"ImageObject\",\"inLanguage\":\"en-GB\",\"@id\":\"https:\\\/\\\/raz-wkz.de\\\/unternehmen\\\/#primaryimage\",\"url\":\"https:\\\/\\\/raz-wkz.de\\\/wp-content\\\/uploads\\\/2019\\\/06\\\/unternehmen2.jpg\",\"contentUrl\":\"https:\\\/\\\/raz-wkz.de\\\/wp-content\\\/uploads\\\/2019\\\/06\\\/unternehmen2.jpg\",\"width\":1132,\"height\":503},{\"@type\":\"BreadcrumbList\",\"@id\":\"https:\\\/\\\/raz-wkz.de\\\/unternehmen\\\/#breadcrumb\",\"itemListElement\":[{\"@type\":\"ListItem\",\"position\":1,\"name\":\"Startseite\",\"item\":\"https:\\\/\\\/raz-wkz.de\\\/\"},{\"@type\":\"ListItem\",\"position\":2,\"name\":\"Unternehmen\"}]},{\"@type\":\"WebSite\",\"@id\":\"https:\\\/\\\/raz-wkz.de\\\/#website\",\"url\":\"https:\\\/\\\/raz-wkz.de\\\/\",\"name\":\"Ihre Werkzeugbeschaffung ist unser Kerngesch\u00e4ft - schnell | kompetent | zuverl\u00e4ssig\",\"description\":\"From work protection over metrology to cutting tools - we supply everything for your workshop.\",\"publisher\":{\"@id\":\"https:\\\/\\\/raz-wkz.de\\\/#organization\"},\"potentialAction\":[{\"@type\":\"SearchAction\",\"target\":{\"@type\":\"EntryPoint\",\"urlTemplate\":\"https:\\\/\\\/raz-wkz.de\\\/?s={search_term_string}\"},\"query-input\":{\"@type\":\"PropertyValueSpecification\",\"valueRequired\":true,\"valueName\":\"search_term_string\"}}],\"inLanguage\":\"en-GB\"},{\"@type\":\"Organization\",\"@id\":\"https:\\\/\\\/raz-wkz.de\\\/#organization\",\"name\":\"R. A. Zimmermann KG\",\"url\":\"https:\\\/\\\/raz-wkz.de\\\/\",\"logo\":{\"@type\":\"ImageObject\",\"inLanguage\":\"en-GB\",\"@id\":\"https:\\\/\\\/raz-wkz.de\\\/#\\\/schema\\\/logo\\\/image\\\/\",\"url\":\"\",\"contentUrl\":\"\",\"caption\":\"R. A. Zimmermann KG\"},\"image\":{\"@id\":\"https:\\\/\\\/raz-wkz.de\\\/#\\\/schema\\\/logo\\\/image\\\/\"}}]}<\/script>\n<!-- \/ Yoast SEO Premium plugin. -->","yoast_head_json":{"title":"Company - PRECITOOL H\u00e4ndler","robots":{"index":"index","follow":"follow","max-snippet":"max-snippet:-1","max-image-preview":"max-image-preview:large","max-video-preview":"max-video-preview:-1"},"canonical":"https:\/\/raz-wkz.de\/unternehmen\/","og_locale":"en_GB","og_type":"article","og_title":"Company - From work protection over metrology to cutting tools - we supply everything for your workshop.","og_url":"https:\/\/raz-wkz.de\/unternehmen\/","og_site_name":"From work protection over metrology to cutting tools - we supply everything for your workshop.","article_modified_time":"2024-06-14T13:43:22+00:00","og_image":[{"width":1132,"height":503,"url":"https:\/\/raz-wkz.de\/wp-content\/uploads\/2019\/06\/unternehmen2.jpg","type":"image\/jpeg"}],"twitter_card":"summary_large_image","twitter_misc":{"Estimated reading time":"1 minute"},"schema":{"@context":"https:\/\/schema.org","@graph":[{"@type":"WebPage","@id":"https:\/\/raz-wkz.de\/unternehmen\/","url":"https:\/\/raz-wkz.de\/unternehmen\/","name":"Company - PRECITOOL H\u00e4ndler","isPartOf":{"@id":"https:\/\/raz-wkz.de\/#website"},"primaryImageOfPage":{"@id":"https:\/\/raz-wkz.de\/unternehmen\/#primaryimage"},"image":{"@id":"https:\/\/raz-wkz.de\/unternehmen\/#primaryimage"},"thumbnailUrl":"https:\/\/raz-wkz.de\/wp-content\/uploads\/2019\/06\/unternehmen2.jpg","datePublished":"2019-06-26T12:35:54+00:00","dateModified":"2024-06-14T13:43:22+00:00","description":"* PRECITOOL Gesellschafter und Vertragsh\u00e4ndler * seit mehr als 55 Jahren f\u00fcr Sie am Markt * kompetente & zuverl\u00e4ssige Beratung \ud83d\udcde06074.8526.0","breadcrumb":{"@id":"https:\/\/raz-wkz.de\/unternehmen\/#breadcrumb"},"inLanguage":"en-GB","potentialAction":[{"@type":"ReadAction","target":["https:\/\/raz-wkz.de\/unternehmen\/"]}]},{"@type":"ImageObject","inLanguage":"en-GB","@id":"https:\/\/raz-wkz.de\/unternehmen\/#primaryimage","url":"https:\/\/raz-wkz.de\/wp-content\/uploads\/2019\/06\/unternehmen2.jpg","contentUrl":"https:\/\/raz-wkz.de\/wp-content\/uploads\/2019\/06\/unternehmen2.jpg","width":1132,"height":503},{"@type":"BreadcrumbList","@id":"https:\/\/raz-wkz.de\/unternehmen\/#breadcrumb","itemListElement":[{"@type":"ListItem","position":1,"name":"Startseite","item":"https:\/\/raz-wkz.de\/"},{"@type":"ListItem","position":2,"name":"Unternehmen"}]},{"@type":"WebSite","@id":"https:\/\/raz-wkz.de\/#website","url":"https:\/\/raz-wkz.de\/","name":"Ihre Werkzeugbeschaffung ist unser Kerngesch\u00e4ft - schnell | kompetent | zuverl\u00e4ssig","description":"From work protection over metrology to cutting tools - we supply everything for your workshop.","publisher":{"@id":"https:\/\/raz-wkz.de\/#organization"},"potentialAction":[{"@type":"SearchAction","target":{"@type":"EntryPoint","urlTemplate":"https:\/\/raz-wkz.de\/?s={search_term_string}"},"query-input":{"@type":"PropertyValueSpecification","valueRequired":true,"valueName":"search_term_string"}}],"inLanguage":"en-GB"},{"@type":"Organization","@id":"https:\/\/raz-wkz.de\/#organization","name":"R. A. Zimmermann KG","url":"https:\/\/raz-wkz.de\/","logo":{"@type":"ImageObject","inLanguage":"en-GB","@id":"https:\/\/raz-wkz.de\/#\/schema\/logo\/image\/","url":"","contentUrl":"","caption":"R. A. Zimmermann KG"},"image":{"@id":"https:\/\/raz-wkz.de\/#\/schema\/logo\/image\/"}}]}},"publishpress_future_action":{"enabled":false,"date":"2026-04-21 15:26:30","action":"change-status","newStatus":"draft","terms":[],"taxonomy":"","extraData":[]},"publishpress_future_workflow_manual_trigger":{"enabledWorkflows":[]},"ticketed":false,"_links":{"self":[{"href":"https:\/\/raz-wkz.de\/gb\/wp-json\/wp\/v2\/pages\/158","targetHints":{"allow":["GET"]}}],"collection":[{"href":"https:\/\/raz-wkz.de\/gb\/wp-json\/wp\/v2\/pages"}],"about":[{"href":"https:\/\/raz-wkz.de\/gb\/wp-json\/wp\/v2\/types\/page"}],"author":[{"embeddable":true,"href":"https:\/\/raz-wkz.de\/gb\/wp-json\/wp\/v2\/users\/1"}],"replies":[{"embeddable":true,"href":"https:\/\/raz-wkz.de\/gb\/wp-json\/wp\/v2\/comments?post=158"}],"version-history":[{"count":6,"href":"https:\/\/raz-wkz.de\/gb\/wp-json\/wp\/v2\/pages\/158\/revisions"}],"predecessor-version":[{"id":5704,"href":"https:\/\/raz-wkz.de\/gb\/wp-json\/wp\/v2\/pages\/158\/revisions\/5704"}],"wp:featuredmedia":[{"embeddable":true,"href":"https:\/\/raz-wkz.de\/gb\/wp-json\/wp\/v2\/media\/159"}],"wp:attachment":[{"href":"https:\/\/raz-wkz.de\/gb\/wp-json\/wp\/v2\/media?parent=158"}],"curies":[{"name":"wp","href":"https:\/\/api.w.org\/{rel}","templated":true}]}}