{"id":1557,"date":"2020-06-10T15:31:43","date_gmt":"2020-06-10T13:31:43","guid":{"rendered":"https:\/\/raz-wkz.de\/?page_id=1557"},"modified":"2024-06-14T17:01:05","modified_gmt":"2024-06-14T15:01:05","slug":"nachschaerfe-auftrag","status":"publish","type":"page","link":"https:\/\/raz-wkz.de\/gb\/nachschaerfe-auftrag\/","title":{"rendered":"Nachsch\u00e4rfe-Auftrag"},"content":{"rendered":"\n<div class=\"wpcf7 no-js\" id=\"wpcf7-f1555-o1\" lang=\"de-DE\" dir=\"ltr\" data-wpcf7-id=\"1555\">\n<div class=\"screen-reader-response\"><p role=\"status\" aria-live=\"polite\" aria-atomic=\"true\"><\/p> <ul><\/ul><\/div>\n<form action=\"\/gb\/wp-json\/wp\/v2\/pages\/1557#wpcf7-f1555-o1\" method=\"post\" class=\"wpcf7-form init\" aria-label=\"Kontaktformular\" novalidate=\"novalidate\" data-status=\"init\">\n<fieldset class=\"hidden-fields-container\"><input type=\"hidden\" name=\"_wpcf7\" value=\"1555\" \/><input type=\"hidden\" name=\"_wpcf7_version\" value=\"6.1.5\" \/><input type=\"hidden\" name=\"_wpcf7_locale\" value=\"de_DE\" \/><input type=\"hidden\" name=\"_wpcf7_unit_tag\" value=\"wpcf7-f1555-o1\" \/><input type=\"hidden\" name=\"_wpcf7_container_post\" value=\"0\" \/><input type=\"hidden\" name=\"_wpcf7_posted_data_hash\" value=\"\" \/>\n<\/fieldset>\n<p><label> Unternehmen:*<br \/>\n<span class=\"wpcf7-form-control-wrap\" data-name=\"Unternehmen\"><input size=\"40\" maxlength=\"400\" class=\"wpcf7-form-control wpcf7-text wpcf7-validates-as-required\" aria-required=\"true\" aria-invalid=\"false\" value=\"\" type=\"text\" name=\"Unternehmen\" \/><\/span> <\/label>\n<\/p>\n<p><label> Anrede:*<br \/>\n<span class=\"wpcf7-form-control-wrap\" data-name=\"Anrede\"><input size=\"40\" maxlength=\"400\" class=\"wpcf7-form-control wpcf7-text wpcf7-validates-as-required\" aria-required=\"true\" aria-invalid=\"false\" value=\"\" type=\"text\" name=\"Anrede\" \/><\/span> <\/label>\n<\/p>\n<p><label> Vorname*<br \/>\n<span class=\"wpcf7-form-control-wrap\" data-name=\"Vorname\"><input size=\"40\" maxlength=\"400\" class=\"wpcf7-form-control wpcf7-text wpcf7-validates-as-required\" aria-required=\"true\" aria-invalid=\"false\" value=\"\" type=\"text\" name=\"Vorname\" \/><\/span> <\/label>\n<\/p>\n<p><label> Name*<br \/>\n<span class=\"wpcf7-form-control-wrap\" data-name=\"Name\"><input size=\"40\" maxlength=\"400\" class=\"wpcf7-form-control wpcf7-text wpcf7-validates-as-required\" aria-required=\"true\" aria-invalid=\"false\" value=\"\" type=\"text\" name=\"Name\" \/><\/span> <\/label>\n<\/p>\n<p><label> Telefon:*<br \/>\n<span class=\"wpcf7-form-control-wrap\" data-name=\"Telefon\"><input size=\"40\" maxlength=\"400\" class=\"wpcf7-form-control wpcf7-text wpcf7-validates-as-required\" aria-required=\"true\" aria-invalid=\"false\" value=\"\" type=\"text\" name=\"Telefon\" \/><\/span> <\/label>\n<\/p>\n<p><label> E-Mail:*<br \/>\n<span class=\"wpcf7-form-control-wrap\" data-name=\"E-Mail\"><input size=\"40\" maxlength=\"400\" class=\"wpcf7-form-control wpcf7-email wpcf7-validates-as-required wpcf7-text wpcf7-validates-as-email\" aria-required=\"true\" aria-invalid=\"false\" value=\"\" type=\"email\" name=\"E-Mail\" \/><\/span> <\/label>\n<\/p>\n<p><label> Stra\u00dfe \/ Hausnummer:*<br \/>\n<span class=\"wpcf7-form-control-wrap\" data-name=\"StrasseHausnummer\"><input size=\"40\" maxlength=\"400\" class=\"wpcf7-form-control wpcf7-text wpcf7-validates-as-required\" aria-required=\"true\" aria-invalid=\"false\" value=\"\" type=\"text\" name=\"StrasseHausnummer\" \/><\/span> <\/label>\n<\/p>\n<p><label> PLZ:*<br \/>\n<span class=\"wpcf7-form-control-wrap\" data-name=\"PLZ\"><input size=\"40\" maxlength=\"400\" class=\"wpcf7-form-control wpcf7-text wpcf7-validates-as-required\" aria-required=\"true\" aria-invalid=\"false\" value=\"\" type=\"text\" name=\"PLZ\" \/><\/span> <\/label>\n<\/p>\n<p><label> Ort:*<br \/>\n<span class=\"wpcf7-form-control-wrap\" data-name=\"Ort\"><input size=\"40\" maxlength=\"400\" class=\"wpcf7-form-control wpcf7-text wpcf7-validates-as-required\" aria-required=\"true\" aria-invalid=\"false\" value=\"\" type=\"text\" name=\"Ort\" \/><\/span> <\/label>\n<\/p>\n<p><label> Kundennummer:<br \/>\n<span class=\"wpcf7-form-control-wrap\" data-name=\"Kundennummer\"><input size=\"40\" maxlength=\"400\" class=\"wpcf7-form-control wpcf7-text\" aria-invalid=\"false\" value=\"\" type=\"text\" name=\"Kundennummer\" \/><\/span> <\/label>\n<\/p>\n<p><label> Bestellnummer:<br \/>\n<span class=\"wpcf7-form-control-wrap\" data-name=\"Bestellnummer\"><input size=\"40\" maxlength=\"400\" class=\"wpcf7-form-control wpcf7-text\" aria-invalid=\"false\" value=\"\" type=\"text\" name=\"Bestellnummer\" \/><\/span> <\/label>\n<\/p>\n<p><b>Abhol- und Zustelladresse:<\/b><br \/>\n(falls abweichend von Auftraggeber)\n<\/p>\n<p><label> Stra\u00dfe \/ Hausnummer:<br \/>\n<span class=\"wpcf7-form-control-wrap\" data-name=\"Strasse\"><input size=\"40\" maxlength=\"400\" class=\"wpcf7-form-control wpcf7-text\" aria-invalid=\"false\" value=\"\" type=\"text\" name=\"Strasse\" \/><\/span> <\/label>\n<\/p>\n<p><label> PLZ:<br \/>\n<span class=\"wpcf7-form-control-wrap\" data-name=\"PLZ2\"><input size=\"40\" maxlength=\"400\" class=\"wpcf7-form-control wpcf7-text\" aria-invalid=\"false\" value=\"\" type=\"text\" name=\"PLZ2\" \/><\/span> <\/label>\n<\/p>\n<p><label> Ort:<br \/>\n<span class=\"wpcf7-form-control-wrap\" data-name=\"Ort2\"><input size=\"40\" maxlength=\"400\" class=\"wpcf7-form-control wpcf7-text\" aria-invalid=\"false\" value=\"\" type=\"text\" name=\"Ort2\" \/><\/span> <\/label>\n<\/p>\n<p><b>Beschichtung:*<\/b><br \/>\n<span class=\"wpcf7-form-control-wrap\" data-name=\"produktauswahl-001\"><span class=\"wpcf7-form-control wpcf7-checkbox wpcf7-exclusive-checkbox\"><span class=\"wpcf7-list-item first\"><input type=\"checkbox\" name=\"produktauswahl-001\" value=\"Ja\" \/><span class=\"wpcf7-list-item-label\">Ja<\/span><\/span><span class=\"wpcf7-list-item last\"><input type=\"checkbox\" name=\"produktauswahl-001\" value=\"Nein\" \/><span class=\"wpcf7-list-item-label\">Nein<\/span><\/span><\/span><\/span>\n<\/p>\n<p>Sind Werkzeuge im Original beschichtet, werden diese automatisch wieder beschichtet. Sonderw\u00fcnsche bitte vermerken.\n<\/p>\n<p><label> Welcher Werkzeugtyp und Schneidstoff: \/ Welche Menge: \/ Ihr Sonderwunsch:<br \/>\n<span class=\"wpcf7-form-control-wrap\" data-name=\"WelcherWerkzeugtypundSchneidstoff:WelcheMenge:IhrSonderwunsch:\"><textarea cols=\"40\" rows=\"10\" maxlength=\"2000\" class=\"wpcf7-form-control wpcf7-textarea\" aria-invalid=\"false\" name=\"WelcherWerkzeugtypundSchneidstoff:WelcheMenge:IhrSonderwunsch:\"><\/textarea><\/span> <\/label>\n<\/p>\n<p><b>Tool-Box f\u00fcr den Werkzeugtransport:*<\/b><br \/>\n<span class=\"wpcf7-form-control-wrap\" data-name=\"produktauswahl-002\"><span class=\"wpcf7-form-control wpcf7-checkbox wpcf7-exclusive-checkbox\"><span class=\"wpcf7-list-item first\"><input type=\"checkbox\" name=\"produktauswahl-002\" value=\"Ja\" \/><span class=\"wpcf7-list-item-label\">Ja<\/span><\/span><span class=\"wpcf7-list-item last\"><input type=\"checkbox\" name=\"produktauswahl-002\" value=\"Nein\" \/><span class=\"wpcf7-list-item-label\">Nein<\/span><\/span><\/span><\/span>\n<\/p>\n<p><label> Anmerkungen:<br \/>\n<span class=\"wpcf7-form-control-wrap\" data-name=\"Anmerkungen\"><textarea cols=\"40\" rows=\"10\" maxlength=\"2000\" class=\"wpcf7-form-control wpcf7-textarea\" aria-invalid=\"false\" name=\"Anmerkungen\"><\/textarea><\/span> <\/label>\n<\/p>\n<p>Die von Ihnen angegebenen Daten werden nur zum Zweck der Bearbeitung Ihres Anliegens verarbeitet. Sie werden streng vertraulich behandelt und nicht an Dritte weitergegeben. Weitere Informationen finden Sie in unseren <a href=\"https:\/\/raz-wkz.de\/datenschutzerklaerung\/\">Datenschutzhinweisen<\/a>.\n<\/p>\n<p><input class=\"wpcf7-form-control wpcf7-submit has-spinner\" type=\"submit\" value=\"Senden\" \/><br \/>\n* Pflichtfeld\n<\/p>\n<p>Kontaktieren Sie uns f\u00fcr mehr Informationen:<br \/>\nTelefon: 06074 8526-0<br \/>\nE-Mail: info@pvz-raz-gruppe.de\n<\/p><p style=\"display: none !important;\" class=\"akismet-fields-container\" data-prefix=\"_wpcf7_ak_\"><label>&#916;<textarea name=\"_wpcf7_ak_hp_textarea\" cols=\"45\" rows=\"8\" maxlength=\"100\"><\/textarea><\/label><input type=\"hidden\" id=\"ak_js_1\" name=\"_wpcf7_ak_js\" value=\"219\"\/><script>document.getElementById( \"ak_js_1\" ).setAttribute( \"value\", ( new Date() ).getTime() );<\/script><\/p><input type='hidden' class='wpcf7-pum' value='{\"closepopup\":false,\"closedelay\":0,\"openpopup\":false,\"openpopup_id\":0}' \/><div class=\"wpcf7-response-output\" aria-hidden=\"true\"><\/div>\n<\/form>\n<\/div>\n\n","protected":false},"excerpt":{"rendered":"","protected":false},"author":3,"featured_media":0,"parent":0,"menu_order":0,"comment_status":"closed","ping_status":"closed","template":"","meta":{"_price":"","_stock":"","_tribe_ticket_header":"","_tribe_default_ticket_provider":"","_tribe_ticket_capacity":"0","_ticket_start_date":"","_ticket_end_date":"","_tribe_ticket_show_description":"","_tribe_ticket_show_not_going":false,"_tribe_ticket_use_global_stock":"","_tribe_ticket_global_stock_level":"","_global_stock_mode":"","_global_stock_cap":"","_tribe_rsvp_for_event":"","_tribe_ticket_going_count":"","_tribe_ticket_not_going_count":"","_tribe_tickets_list":"[]","_tribe_ticket_has_attendee_info_fields":false,"_EventAllDay":false,"_EventTimezone":"","_EventStartDate":"","_EventEndDate":"","_EventStartDateUTC":"","_EventEndDateUTC":"","_EventShowMap":false,"_EventShowMapLink":false,"_EventURL":"","_EventCost":"","_EventCostDescription":"","_EventCurrencySymbol":"","_EventCurrencyCode":"","_EventCurrencyPosition":"","_EventDateTimeSeparator":"","_EventTimeRangeSeparator":"","_EventOrganizerID":[],"_EventVenueID":[],"_OrganizerEmail":"","_OrganizerPhone":"","_OrganizerWebsite":"","_VenueAddress":"","_VenueCity":"","_VenueCountry":"","_VenueProvince":"","_VenueState":"","_VenueZip":"","_VenuePhone":"","_VenueURL":"","_VenueStateProvince":"","_VenueLat":"","_VenueLng":"","_VenueShowMap":false,"_VenueShowMapLink":false,"footnotes":"","_tec_slr_enabled":"","_tec_slr_layout":"","_links_to":"","_links_to_target":""},"class_list":["post-1557","page","type-page","status-publish","hentry"],"translation":{"provider":"WPGlobus","version":"3.0.2","language":"en","enabled_languages":["de","gb"],"languages":{"de":{"title":true,"content":true,"excerpt":false},"gb":{"title":false,"content":false,"excerpt":false}}},"yoast_head":"<!-- This site is optimized with the Yoast SEO Premium plugin v27.1 (Yoast SEO v27.4) - https:\/\/yoast.com\/product\/yoast-seo-premium-wordpress\/ -->\n<title>Nachsch\u00e4rfe-Auftrag - R.A. Zimmermann<\/title>\n<meta name=\"robots\" content=\"index, follow, max-snippet:-1, max-image-preview:large, max-video-preview:-1\" \/>\n<link rel=\"canonical\" href=\"https:\/\/raz-wkz.de\/nachschaerfe-auftrag\/\" \/>\n<meta property=\"og:locale\" content=\"en_GB\" \/>\n<meta property=\"og:type\" content=\"article\" \/>\n<meta property=\"og:title\" content=\"Nachsch\u00e4rfe-Auftrag - von Arbeitsschutz \u00fcber Messtechnik bis zu Zerspanungswerkzeugen - wir sind auf zack\" \/>\n<meta property=\"og:url\" content=\"https:\/\/raz-wkz.de\/nachschaerfe-auftrag\/\" \/>\n<meta property=\"og:site_name\" content=\"von Arbeitsschutz \u00fcber Messtechnik bis zu Zerspanungswerkzeugen - wir sind auf zack\" \/>\n<meta property=\"article:modified_time\" content=\"2024-06-14T15:01:05+00:00\" \/>\n<meta name=\"twitter:card\" content=\"summary_large_image\" \/>\n<meta name=\"twitter:label1\" content=\"Estimated reading time\" \/>\n\t<meta name=\"twitter:data1\" content=\"1 minute\" \/>\n<script type=\"application\/ld+json\" class=\"yoast-schema-graph\">{\"@context\":\"https:\\\/\\\/schema.org\",\"@graph\":[{\"@type\":\"WebPage\",\"@id\":\"https:\\\/\\\/raz-wkz.de\\\/nachschaerfe-auftrag\\\/\",\"url\":\"https:\\\/\\\/raz-wkz.de\\\/nachschaerfe-auftrag\\\/\",\"name\":\"Nachsch\u00e4rfe-Auftrag - R.A. Zimmermann\",\"isPartOf\":{\"@id\":\"https:\\\/\\\/raz-wkz.de\\\/#website\"},\"datePublished\":\"2020-06-10T13:31:43+00:00\",\"dateModified\":\"2024-06-14T15:01:05+00:00\",\"description\":\"* Nachschleifen * Nachsch\u00e4rfen * Kosten einsparen * Wir k\u00fcmmern uns darum * Kontaktieren Sie unser Team 06074.8526.0 oder per Mail info@pvz-gruppe.de\",\"breadcrumb\":{\"@id\":\"https:\\\/\\\/raz-wkz.de\\\/nachschaerfe-auftrag\\\/#breadcrumb\"},\"inLanguage\":\"en-GB\",\"potentialAction\":[{\"@type\":\"ReadAction\",\"target\":[\"https:\\\/\\\/raz-wkz.de\\\/nachschaerfe-auftrag\\\/\"]}]},{\"@type\":\"BreadcrumbList\",\"@id\":\"https:\\\/\\\/raz-wkz.de\\\/nachschaerfe-auftrag\\\/#breadcrumb\",\"itemListElement\":[{\"@type\":\"ListItem\",\"position\":1,\"name\":\"Startseite\",\"item\":\"https:\\\/\\\/raz-wkz.de\\\/\"},{\"@type\":\"ListItem\",\"position\":2,\"name\":\"Nachsch\u00e4rfe-Auftrag\"}]},{\"@type\":\"WebSite\",\"@id\":\"https:\\\/\\\/raz-wkz.de\\\/#website\",\"url\":\"https:\\\/\\\/raz-wkz.de\\\/\",\"name\":\"Ihre Werkzeugbeschaffung ist unser Kerngesch\u00e4ft - schnell | kompetent | zuverl\u00e4ssig\",\"description\":\"von Arbeitsschutz \u00fcber Messtechnik bis zu Zerspanungswerkzeugen - wir sind auf zack\",\"publisher\":{\"@id\":\"https:\\\/\\\/raz-wkz.de\\\/#organization\"},\"potentialAction\":[{\"@type\":\"SearchAction\",\"target\":{\"@type\":\"EntryPoint\",\"urlTemplate\":\"https:\\\/\\\/raz-wkz.de\\\/?s={search_term_string}\"},\"query-input\":{\"@type\":\"PropertyValueSpecification\",\"valueRequired\":true,\"valueName\":\"search_term_string\"}}],\"inLanguage\":\"en-GB\"},{\"@type\":\"Organization\",\"@id\":\"https:\\\/\\\/raz-wkz.de\\\/#organization\",\"name\":\"R. A. Zimmermann KG\",\"url\":\"https:\\\/\\\/raz-wkz.de\\\/\",\"logo\":{\"@type\":\"ImageObject\",\"inLanguage\":\"en-GB\",\"@id\":\"https:\\\/\\\/raz-wkz.de\\\/#\\\/schema\\\/logo\\\/image\\\/\",\"url\":\"\",\"contentUrl\":\"\",\"caption\":\"R. A. Zimmermann KG\"},\"image\":{\"@id\":\"https:\\\/\\\/raz-wkz.de\\\/#\\\/schema\\\/logo\\\/image\\\/\"}}]}<\/script>\n<!-- \/ Yoast SEO Premium plugin. -->","yoast_head_json":{"title":"Nachsch\u00e4rfe-Auftrag - R.A. Zimmermann","robots":{"index":"index","follow":"follow","max-snippet":"max-snippet:-1","max-image-preview":"max-image-preview:large","max-video-preview":"max-video-preview:-1"},"canonical":"https:\/\/raz-wkz.de\/nachschaerfe-auftrag\/","og_locale":"en_GB","og_type":"article","og_title":"Nachsch\u00e4rfe-Auftrag - von Arbeitsschutz \u00fcber Messtechnik bis zu Zerspanungswerkzeugen - wir sind auf zack","og_url":"https:\/\/raz-wkz.de\/nachschaerfe-auftrag\/","og_site_name":"von Arbeitsschutz \u00fcber Messtechnik bis zu Zerspanungswerkzeugen - wir sind auf zack","article_modified_time":"2024-06-14T15:01:05+00:00","twitter_card":"summary_large_image","twitter_misc":{"Estimated reading time":"1 minute"},"schema":{"@context":"https:\/\/schema.org","@graph":[{"@type":"WebPage","@id":"https:\/\/raz-wkz.de\/nachschaerfe-auftrag\/","url":"https:\/\/raz-wkz.de\/nachschaerfe-auftrag\/","name":"Nachsch\u00e4rfe-Auftrag - R.A. Zimmermann","isPartOf":{"@id":"https:\/\/raz-wkz.de\/#website"},"datePublished":"2020-06-10T13:31:43+00:00","dateModified":"2024-06-14T15:01:05+00:00","description":"* Nachschleifen * Nachsch\u00e4rfen * Kosten einsparen * Wir k\u00fcmmern uns darum * Kontaktieren Sie unser Team 06074.8526.0 oder per Mail info@pvz-gruppe.de","breadcrumb":{"@id":"https:\/\/raz-wkz.de\/nachschaerfe-auftrag\/#breadcrumb"},"inLanguage":"en-GB","potentialAction":[{"@type":"ReadAction","target":["https:\/\/raz-wkz.de\/nachschaerfe-auftrag\/"]}]},{"@type":"BreadcrumbList","@id":"https:\/\/raz-wkz.de\/nachschaerfe-auftrag\/#breadcrumb","itemListElement":[{"@type":"ListItem","position":1,"name":"Startseite","item":"https:\/\/raz-wkz.de\/"},{"@type":"ListItem","position":2,"name":"Nachsch\u00e4rfe-Auftrag"}]},{"@type":"WebSite","@id":"https:\/\/raz-wkz.de\/#website","url":"https:\/\/raz-wkz.de\/","name":"Ihre Werkzeugbeschaffung ist unser Kerngesch\u00e4ft - schnell | kompetent | zuverl\u00e4ssig","description":"von Arbeitsschutz \u00fcber Messtechnik bis zu Zerspanungswerkzeugen - wir sind auf zack","publisher":{"@id":"https:\/\/raz-wkz.de\/#organization"},"potentialAction":[{"@type":"SearchAction","target":{"@type":"EntryPoint","urlTemplate":"https:\/\/raz-wkz.de\/?s={search_term_string}"},"query-input":{"@type":"PropertyValueSpecification","valueRequired":true,"valueName":"search_term_string"}}],"inLanguage":"en-GB"},{"@type":"Organization","@id":"https:\/\/raz-wkz.de\/#organization","name":"R. A. Zimmermann KG","url":"https:\/\/raz-wkz.de\/","logo":{"@type":"ImageObject","inLanguage":"en-GB","@id":"https:\/\/raz-wkz.de\/#\/schema\/logo\/image\/","url":"","contentUrl":"","caption":"R. A. Zimmermann KG"},"image":{"@id":"https:\/\/raz-wkz.de\/#\/schema\/logo\/image\/"}}]}},"publishpress_future_action":{"enabled":false,"date":"2026-05-02 11:08:29","action":"change-status","newStatus":"draft","terms":[],"taxonomy":"","extraData":[]},"publishpress_future_workflow_manual_trigger":{"enabledWorkflows":[]},"ticketed":false,"_links":{"self":[{"href":"https:\/\/raz-wkz.de\/en\/wp-json\/wp\/v2\/pages\/1557","targetHints":{"allow":["GET"]}}],"collection":[{"href":"https:\/\/raz-wkz.de\/en\/wp-json\/wp\/v2\/pages"}],"about":[{"href":"https:\/\/raz-wkz.de\/en\/wp-json\/wp\/v2\/types\/page"}],"author":[{"embeddable":true,"href":"https:\/\/raz-wkz.de\/en\/wp-json\/wp\/v2\/users\/3"}],"replies":[{"embeddable":true,"href":"https:\/\/raz-wkz.de\/en\/wp-json\/wp\/v2\/comments?post=1557"}],"version-history":[{"count":1,"href":"https:\/\/raz-wkz.de\/en\/wp-json\/wp\/v2\/pages\/1557\/revisions"}],"predecessor-version":[{"id":1558,"href":"https:\/\/raz-wkz.de\/en\/wp-json\/wp\/v2\/pages\/1557\/revisions\/1558"}],"wp:attachment":[{"href":"https:\/\/raz-wkz.de\/en\/wp-json\/wp\/v2\/media?parent=1557"}],"curies":[{"name":"wp","href":"https:\/\/api.w.org\/{rel}","templated":true}]}}